{"id":2,"date":"2017-06-05T16:24:44","date_gmt":"2017-06-05T16:24:44","guid":{"rendered":"http:\/\/lpchile.cl\/?page_id=2"},"modified":"2021-07-27T17:09:10","modified_gmt":"2021-07-27T21:09:10","slug":"productos","status":"publish","type":"page","link":"https:\/\/lpchile.cl\/en\/productos\/","title":{"rendered":"Products"},"content":{"rendered":"<p>Esta es una p\u00e1gina de ejemplo. Es diferente a una entrada del blog, ya que se quedar\u00e1 en un lugar y se mostrar\u00e1 en la navegaci\u00f3n del sitio (en la mayor\u00eda de temas). La mayor\u00eda de personas empieza con una p\u00e1gina &#8220;Acerca de&#8221; que brinda informaci\u00f3n a los visitantes. Se podr\u00eda decir algo como esto:<\/p>\n<blockquote><p>\u00a1Hola! Durante el d\u00eda soy un mensajero, un aspirante a actor por la noche, y este es mi blog. Vivo en Valpara\u00edso, tengo un enorme perro llamado Pocho, y me gustan las cervezas muy heladas. (Y caminar por la playa.)<\/p><\/blockquote>\n<p>&#8230;o algo como esto:<\/p>\n<blockquote><p>La compa\u00f1\u00eda XYZ, se fund\u00f3 en 1971, y ha estado desde entonces, proporcionando artilugios de calidad al p\u00fablico. Est\u00e1 situada en la ciudad de Concepci\u00f3n, Chile y emplea a m\u00e1s de 2,000 personas. Hace todo tipo de cosas sorprendentes para la comunidad penquista.<\/p><\/blockquote>\n<p>Como nuevo usuario de WordPress, debes ir a <a href=\"http:\/\/lpchile1.wpenginepowered.com\/wp-admin\/\">tu panel<\/a> para eliminar esta p\u00e1gina y crear nuevas para tu contenido. \u00a1Que te diviertas!<\/p>","protected":false},"excerpt":{"rendered":"<p>Esta es una p\u00e1gina de ejemplo. Es diferente a una entrada del blog, ya que se quedar\u00e1 en un lugar<\/p>\n","protected":false},"author":1,"featured_media":0,"parent":0,"menu_order":0,"comment_status":"closed","ping_status":"closed","template":"","meta":{"om_disable_all_campaigns":false,"inline_featured_image":false,"_monsterinsights_skip_tracking":false,"_monsterinsights_sitenote_active":false,"_monsterinsights_sitenote_note":"","_monsterinsights_sitenote_category":0,"_uf_show_specific_survey":0,"_uf_disable_surveys":false,"footnotes":""},"class_list":["post-2","page","type-page","status-publish","hentry"],"acf":[],"aioseo_notices":[],"yoast_head":"<!-- This site is optimized with the Yoast SEO plugin v20.5 - https:\/\/yoast.com\/wordpress\/plugins\/seo\/ -->\n<title>Products - LP Chile<\/title>\n<meta name=\"robots\" content=\"index, follow, max-snippet:-1, max-image-preview:large, max-video-preview:-1\" \/>\n<link rel=\"canonical\" href=\"https:\/\/lpchile.cl\/en\/productos\/\" \/>\n<meta property=\"og:locale\" content=\"en_US\" \/>\n<meta property=\"og:type\" content=\"article\" \/>\n<meta property=\"og:title\" content=\"Products - LP Chile\" \/>\n<meta property=\"og:description\" content=\"Esta es una p\u00e1gina de ejemplo. Es diferente a una entrada del blog, ya que se quedar\u00e1 en un lugar\" \/>\n<meta property=\"og:url\" content=\"https:\/\/lpchile.cl\/en\/productos\/\" \/>\n<meta property=\"og:site_name\" content=\"LP Chile\" \/>\n<meta property=\"article:modified_time\" content=\"2021-07-27T21:09:10+00:00\" \/>\n<meta name=\"twitter:card\" content=\"summary_large_image\" \/>\n<meta name=\"twitter:label1\" content=\"Est. reading time\" \/>\n\t<meta name=\"twitter:data1\" content=\"1 minute\" \/>\n<script type=\"application\/ld+json\" class=\"yoast-schema-graph\">{\"@context\":\"https:\/\/schema.org\",\"@graph\":[{\"@type\":\"WebPage\",\"@id\":\"https:\/\/lpchile.cl\/en\/productos\/\",\"url\":\"https:\/\/lpchile.cl\/en\/productos\/\",\"name\":\"Products - LP Chile\",\"isPartOf\":{\"@id\":\"https:\/\/lpchile.cl\/en\/#website\"},\"datePublished\":\"2017-06-05T16:24:44+00:00\",\"dateModified\":\"2021-07-27T21:09:10+00:00\",\"breadcrumb\":{\"@id\":\"https:\/\/lpchile.cl\/en\/productos\/#breadcrumb\"},\"inLanguage\":\"en-US\",\"potentialAction\":[{\"@type\":\"ReadAction\",\"target\":[[\"https:\/\/lpchile.cl\/en\/productos\/\"]]}]},{\"@type\":\"BreadcrumbList\",\"@id\":\"https:\/\/lpchile.cl\/en\/productos\/#breadcrumb\",\"itemListElement\":[{\"@type\":\"ListItem\",\"position\":1,\"name\":\"Home\",\"item\":\"https:\/\/lpchile.cl\/en\/\"},{\"@type\":\"ListItem\",\"position\":2,\"name\":\"Productos\"}]},{\"@type\":\"WebSite\",\"@id\":\"https:\/\/lpchile.cl\/en\/#website\",\"url\":\"https:\/\/lpchile.cl\/en\/\",\"name\":\"LP Chile\",\"description\":\"La mejor soluci\u00f3n en construcci\u00f3n\",\"publisher\":{\"@id\":\"https:\/\/lpchile.cl\/en\/#organization\"},\"potentialAction\":[{\"@type\":\"SearchAction\",\"target\":{\"@type\":\"EntryPoint\",\"urlTemplate\":\"https:\/\/lpchile.cl\/en\/?s={search_term_string}\"},\"query-input\":\"required name=search_term_string\"}],\"inLanguage\":\"en-US\"},{\"@type\":\"Organization\",\"@id\":\"https:\/\/lpchile.cl\/en\/#organization\",\"name\":\"LP Chile\",\"url\":\"https:\/\/lpchile.cl\/en\/\",\"logo\":{\"@type\":\"ImageObject\",\"inLanguage\":\"en-US\",\"@id\":\"https:\/\/lpchile.cl\/en\/#\/schema\/logo\/image\/\",\"url\":\"https:\/\/lpchile.wpengine.com\/wp-content\/uploads\/2018\/12\/cropped-LP-Logo-Solutions-RGB.jpg\",\"contentUrl\":\"https:\/\/lpchile.wpengine.com\/wp-content\/uploads\/2018\/12\/cropped-LP-Logo-Solutions-RGB.jpg\",\"width\":512,\"height\":512,\"caption\":\"LP Chile\"},\"image\":{\"@id\":\"https:\/\/lpchile.cl\/en\/#\/schema\/logo\/image\/\"}}]}<\/script>\n<!-- \/ Yoast SEO plugin. -->","yoast_head_json":{"title":"Products - LP Chile","robots":{"index":"index","follow":"follow","max-snippet":"max-snippet:-1","max-image-preview":"max-image-preview:large","max-video-preview":"max-video-preview:-1"},"canonical":"https:\/\/lpchile.cl\/en\/productos\/","og_locale":"en_US","og_type":"article","og_title":"Products - LP Chile","og_description":"Esta es una p\u00e1gina de ejemplo. Es diferente a una entrada del blog, ya que se quedar\u00e1 en un lugar","og_url":"https:\/\/lpchile.cl\/en\/productos\/","og_site_name":"LP Chile","article_modified_time":"2021-07-27T21:09:10+00:00","twitter_card":"summary_large_image","twitter_misc":{"Est. reading time":"1 minute"},"schema":{"@context":"https:\/\/schema.org","@graph":[{"@type":"WebPage","@id":"https:\/\/lpchile.cl\/en\/productos\/","url":"https:\/\/lpchile.cl\/en\/productos\/","name":"Products - LP Chile","isPartOf":{"@id":"https:\/\/lpchile.cl\/en\/#website"},"datePublished":"2017-06-05T16:24:44+00:00","dateModified":"2021-07-27T21:09:10+00:00","breadcrumb":{"@id":"https:\/\/lpchile.cl\/en\/productos\/#breadcrumb"},"inLanguage":"en-US","potentialAction":[{"@type":"ReadAction","target":[["https:\/\/lpchile.cl\/en\/productos\/"]]}]},{"@type":"BreadcrumbList","@id":"https:\/\/lpchile.cl\/en\/productos\/#breadcrumb","itemListElement":[{"@type":"ListItem","position":1,"name":"Home","item":"https:\/\/lpchile.cl\/en\/"},{"@type":"ListItem","position":2,"name":"Productos"}]},{"@type":"WebSite","@id":"https:\/\/lpchile.cl\/en\/#website","url":"https:\/\/lpchile.cl\/en\/","name":"LP Chile","description":"La mejor soluci\u00f3n en construcci\u00f3n","publisher":{"@id":"https:\/\/lpchile.cl\/en\/#organization"},"potentialAction":[{"@type":"SearchAction","target":{"@type":"EntryPoint","urlTemplate":"https:\/\/lpchile.cl\/en\/?s={search_term_string}"},"query-input":"required name=search_term_string"}],"inLanguage":"en-US"},{"@type":"Organization","@id":"https:\/\/lpchile.cl\/en\/#organization","name":"LP Chile","url":"https:\/\/lpchile.cl\/en\/","logo":{"@type":"ImageObject","inLanguage":"en-US","@id":"https:\/\/lpchile.cl\/en\/#\/schema\/logo\/image\/","url":"https:\/\/lpchile.wpengine.com\/wp-content\/uploads\/2018\/12\/cropped-LP-Logo-Solutions-RGB.jpg","contentUrl":"https:\/\/lpchile.wpengine.com\/wp-content\/uploads\/2018\/12\/cropped-LP-Logo-Solutions-RGB.jpg","width":512,"height":512,"caption":"LP Chile"},"image":{"@id":"https:\/\/lpchile.cl\/en\/#\/schema\/logo\/image\/"}}]}},"_links":{"self":[{"href":"https:\/\/lpchile.cl\/en\/wp-json\/wp\/v2\/pages\/2","targetHints":{"allow":["GET"]}}],"collection":[{"href":"https:\/\/lpchile.cl\/en\/wp-json\/wp\/v2\/pages"}],"about":[{"href":"https:\/\/lpchile.cl\/en\/wp-json\/wp\/v2\/types\/page"}],"author":[{"embeddable":true,"href":"https:\/\/lpchile.cl\/en\/wp-json\/wp\/v2\/users\/1"}],"replies":[{"embeddable":true,"href":"https:\/\/lpchile.cl\/en\/wp-json\/wp\/v2\/comments?post=2"}],"version-history":[{"count":0,"href":"https:\/\/lpchile.cl\/en\/wp-json\/wp\/v2\/pages\/2\/revisions"}],"wp:attachment":[{"href":"https:\/\/lpchile.cl\/en\/wp-json\/wp\/v2\/media?parent=2"}],"curies":[{"name":"wp","href":"https:\/\/api.w.org\/{rel}","templated":true}]}}